{"id":18382,"date":"2023-02-16T11:22:37","date_gmt":"2023-02-16T10:22:37","guid":{"rendered":"https:\/\/mesquefinques.com\/politica-de-cookies\/"},"modified":"2023-06-29T11:36:14","modified_gmt":"2023-06-29T09:36:14","slug":"politica-de-cookies","status":"publish","type":"page","link":"https:\/\/mesquefinques.com\/ca\/politica-de-cookies\/","title":{"rendered":"Pol\u00edtica de Cookies"},"content":{"rendered":"<h3 style=\"text-align: Justify;\"><strong>\u00bfQU\u00c9 SON LAS COOKIES?<\/strong><\/h3>\n<p style=\"text-align: Justify;\">Las Cookies son archivos de datos que se almacenan en su navegador y en su equipo cuando visita cualquier p\u00e1gina web. Las cookies pueden tener diversas utilidades como, por ejemplo, reconocer al usuario, almacenamiento y recuperaci\u00f3n de informaci\u00f3n sobre los h\u00e1bitos de navegaci\u00f3n de un usuario o personalizar la forma en que se muestra el contenido.<\/p>\n<h3><\/h3>\n<h3 style=\"text-align: Justify;\"><strong>\u00bfQU\u00c9 INFORMACI\u00d3N ALMACENAN LAS COOKIES?<\/strong><\/h3>\n<p style=\"text-align: Justify;\">Las cookies almacenan informaci\u00f3n de car\u00e1cter t\u00e9cnico, preferencias personales, personalizaci\u00f3n de contenidos. Las cookies normalmente no contienen ninguna informaci\u00f3n personal.<\/p>\n<p style=\"text-align: Justify;\">Toda la informaci\u00f3n personal que puedan contener es \u00fanicamente la que el usuario haya introducido en un formulario del sitio.<\/p>\n<p style=\"text-align: Justify;\">La mayor parte del tiempo, cuando una cookie contiene informaci\u00f3n personal, \u00e9sta est\u00e1 codificada de forma que es ilegible para cualquier tercera parte que pudiera tener acceso a tu archivo de cookies.<\/p>\n<h3><\/h3>\n<h3 style=\"text-align: Justify;\"><strong>\u00bfQU\u00c9 TIPO DE COOKIES EXISTEN?<\/strong><\/h3>\n<p style=\"text-align: Justify;\"><strong>Seg\u00fan la entidad que gestione el dominio desde donde se env\u00edan las cookies y trate los datos que se obtengan, se distinguen:<\/strong><\/p>\n<p style=\"text-align: Justify;\">\u2022 Cookies propias: se env\u00edan al equipo terminal del usuario desde un equipo o dominio gestionado por el propio editor y desde el que se presta el servicio solicitado por el usuario.<\/p>\n<p style=\"text-align: Justify;\">\u2022 Cookies de terceros: se env\u00edan al equipo terminal del usuario desde un equipo o dominio que no es gestionado por el editor, sino por otra entidad que trata los datos obtenidos trav\u00e9s de las cookies.<\/p>\n<p style=\"text-align: Justify;\"><strong>Seg\u00fan el plazo de tiempo que permanecen almacenadas en el navegador del usuario, se distinguen:<\/strong><\/p>\n<p style=\"text-align: Justify;\">\u2022 Cookies de sesi\u00f3n: recaban y almacenan datos mientras el usuario accede a una p\u00e1gina web. Se suelen emplear para almacenar informaci\u00f3n que solo interesa conservar para la prestaci\u00f3n del servicio solicitado por el usuario en una sola ocasi\u00f3n (p.e. una lista de productos adquiridos).<\/p>\n<p style=\"text-align: Justify;\">\u2022 Cookies persistentes: Los datos siguen almacenados en el terminal y pueden ser accedidos y tratados durante un periodo definido por el responsable de la cookie, y que puede ir de unos minutos a varios a\u00f1os.<\/p>\n<p style=\"text-align: Justify;\"><strong>Seg\u00fan la finalidad para la que se traten los datos obtenidos, se distinguen las siguientes cookies:<\/strong><\/p>\n<p style=\"text-align: Justify;\">\u2022 Cookies t\u00e9cnicas: permiten al usuario la navegaci\u00f3n a trav\u00e9s de una p\u00e1gina web, plataforma o aplicaci\u00f3n y la utilizaci\u00f3n de las diferentes opciones o servicios que en ella existan como, por ejemplo, controlar el tr\u00e1fico y la comunicaci\u00f3n de datos, identificar la sesi\u00f3n, acceder a partes de acceso restringido, recordar los elementos que integran un pedido, realizar el proceso de compra de un pedido, realizar la solicitud de inscripci\u00f3n o participaci\u00f3n en un evento, utilizar elementos de seguridad durante la navegaci\u00f3n, almacenar contenidos para la difusi\u00f3n de v\u00eddeos o sonido o compartir contenidos a trav\u00e9s de redes sociales.<\/p>\n<p style=\"text-align: Justify;\">\u2022 Cookies de personalizaci\u00f3n: Permiten al usuario acceder al servicio con algunas caracter\u00edsticas de car\u00e1cter general predefinidas en funci\u00f3n de una serie de criterios en el terminal del usuario como por ejemplo serian el idioma, el tipo de navegador a trav\u00e9s del cual accede al servicio, la configuraci\u00f3n regional desde donde accede al servicio, etc.<\/p>\n<p style=\"text-align: Justify;\">\u2022 Cookies de an\u00e1lisis: Permiten al responsable, el seguimiento y an\u00e1lisis del comportamiento de los usuarios de los sitios web a los que est\u00e1n vinculadas. La informaci\u00f3n recogida mediante este tipo de cookies se utiliza en la medici\u00f3n de la actividad de los sitios web, aplicaci\u00f3n o plataforma y para la elaboraci\u00f3n de perfiles de navegaci\u00f3n de los usuarios de dichos sitios, aplicaciones y plataformas, con el fin de introducir mejoras en funci\u00f3n del an\u00e1lisis de los datos de uso que hacen los usuarios del servicio.<\/p>\n<p style=\"text-align: Justify;\">\u2022 Cookies publicitarias: Permiten la gesti\u00f3n, de la forma m\u00e1s eficaz posible, de los espacios publicitarios.<\/p>\n<p style=\"text-align: Justify;\">\u2022 Cookies de publicidad comportamental: Almacenan informaci\u00f3n del comportamiento de los usuarios obtenida a trav\u00e9s de la observaci\u00f3n continuada de sus h\u00e1bitos de navegaci\u00f3n, lo que permite desarrollar un perfil espec\u00edfico para mostrar publicidad en funci\u00f3n del mismo.<\/p>\n<p style=\"text-align: Justify;\">\u2022 Cookies de redes sociales externas: Se utilizan para que los visitantes puedan interactuar con el contenido de diferentes plataformas sociales (facebook, youtube, twitter, linkedIn, etc..) y que se generen \u00fanicamente para los usuarios de dichas redes sociales. Las condiciones de utilizaci\u00f3n de estas cookies y la informaci\u00f3n recopilada se regulan por la pol\u00edtica de privacidad de la plataforma social correspondiente.<\/p>\n<h3><\/h3>\n<h3 style=\"text-align: Justify;\"><strong>COOKIES UTILIZADAS POR EL SITIO MESQUEFINQUES.COM<br \/>\n<\/strong><\/h3>\n<p style=\"text-align: Justify;\">Las \u00fanicas Cookies utilizadas en el sitio son generadas al \u00abAceptar\u00bb o \u00abRechazar\u00bb la\u00a0<strong>Pol\u00edtica de Cookies<\/strong>\u00a0para que no se vuelva a mostrar esa leyenda. El sitio no utiliza otras Cookies propias o de terceros por lo que el sitio no recopila ninguna informaci\u00f3n personal del usuario, navegaci\u00f3n u otras acciones a trav\u00e9s de Cookies.<\/p>\n<h3><\/h3>\n<h3 style=\"text-align: Justify;\"><strong>DESACTIVAR O ELIMINAR COOKIES<br \/>\n<\/strong><\/h3>\n<p style=\"text-align: Justify;\">Puede restringir, bloquear o borrar las cookies de este sitio Web en cualquier momento, modificando la configuraci\u00f3n del navegador conforme a las pautas indicadas. Puesto que la configuraci\u00f3n de cada navegador es diferente y sometida a cambios y versiones es conveniente seguir las instrucciones sobre cookies que ofrecen los principales navegadores de internet:<\/p>\n<p style=\"text-align: Justify;\"><strong>Internet Explorer:<\/strong>\u00a0Herramientas -&gt; Opciones de Internet -&gt; Privacidad -&gt; Configuraci\u00f3n. Para m\u00e1s informaci\u00f3n, puede consultar el\u00a0<a href=\"http:\/\/windows.microsoft.com\/es-es\/windows7\/how-to-manage-cookies-in-internet-explorer-9\">soporte de Microsoft<\/a>\u00a0o la Ayuda del navegador.<\/p>\n<p style=\"text-align: Justify;\"><strong>Firefox:<\/strong>\u00a0Herramientas -&gt; Opciones -&gt; Privacidad -&gt; Historial -&gt; Configuraci\u00f3n Personalizada. Para m\u00e1s informaci\u00f3n, puede consultar el\u00a0<a href=\"https:\/\/support.mozilla.org\/es\/kb\/habilitar-y-deshabilitar-cookies-que-los-sitios-we\">soporte de Mozilla<\/a>\u00a0o la Ayuda del navegador.<\/p>\n<p style=\"text-align: Justify;\"><strong>Chrome:<\/strong>\u00a0Configuraci\u00f3n -&gt; Mostrar opciones avanzadas -&gt; Privacidad -&gt; Configuraci\u00f3n de contenido. Para m\u00e1s informaci\u00f3n, puede consultar el\u00a0<a href=\"https:\/\/support.google.com\/chrome\/answer\/95647?hl=es\">soporte de Google<\/a>\u00a0o la Ayuda del navegador.<\/p>\n<p style=\"text-align: Justify;\"><strong>Safari:<\/strong>\u00a0Preferencias -&gt; Seguridad. Para m\u00e1s informaci\u00f3n, puede consultar el\u00a0<a href=\"http:\/\/support.apple.com\/kb\/HT1677?viewlocale=es_ES&amp;locale=es_ES\">soporte de Apple<\/a>\u00a0o la Ayuda del navegador.<\/p>\n<p style=\"text-align: Justify;\">Aun cuando el usuario configurase su navegador para rechazar todas las \u00abcookies\u00bb o rechazase expresamente las \u00abcookies\u00bb de mesquefinques.com, podr\u00e1 navegar por nuestra p\u00e1gina sin inconvenientes.<\/p>\n<p style=\"text-align: Justify;\">En cualquier caso, el usuario podr\u00e1 eliminar las \u00abcookies\u00bb en cualquier momento, siguiendo el procedimiento establecido en la secci\u00f3n de ayuda de su navegador.<\/p>\n","protected":false},"excerpt":{"rendered":"<p>\u00bfQU\u00c9 SON LAS COOKIES? Las Cookies son archivos de datos que se almacenan en su navegador y en su equipo cuando visita cualquier p\u00e1gina web. Las cookies pueden tener diversas utilidades como, por ejemplo, reconocer al usuario, almacenamiento y recuperaci\u00f3n de informaci\u00f3n sobre los h\u00e1bitos de navegaci\u00f3n de un usuario o personalizar la forma en [&hellip;]<\/p>\n","protected":false},"author":2,"featured_media":0,"parent":0,"menu_order":0,"comment_status":"closed","ping_status":"closed","template":"template\/template-page.php","meta":{"_acf_changed":false,"om_disable_all_campaigns":false,"_monsterinsights_skip_tracking":false,"_monsterinsights_sitenote_active":false,"_monsterinsights_sitenote_note":"","_monsterinsights_sitenote_category":0,"_uf_show_specific_survey":0,"_uf_disable_surveys":false,"_joinchat":[],"footnotes":""},"class_list":["post-18382","page","type-page","status-publish","hentry"],"acf":[],"yoast_head":"<!-- This site is optimized with the Yoast SEO plugin v25.3 - https:\/\/yoast.com\/wordpress\/plugins\/seo\/ -->\n<title>Pol\u00edtica de Cookies - Mes que finques<\/title>\n<meta name=\"robots\" content=\"index, follow, max-snippet:-1, max-image-preview:large, max-video-preview:-1\" \/>\n<link rel=\"canonical\" href=\"https:\/\/mesquefinques.com\/politica-de-cookies\/\" \/>\n<meta property=\"og:locale\" content=\"ca_ES\" \/>\n<meta property=\"og:type\" content=\"article\" \/>\n<meta property=\"og:title\" content=\"Pol\u00edtica de Cookies - Mes que finques\" \/>\n<meta property=\"og:description\" content=\"\u00bfQU\u00c9 SON LAS COOKIES? Las Cookies son archivos de datos que se almacenan en su navegador y en su equipo cuando visita cualquier p\u00e1gina web. Las cookies pueden tener diversas utilidades como, por ejemplo, reconocer al usuario, almacenamiento y recuperaci\u00f3n de informaci\u00f3n sobre los h\u00e1bitos de navegaci\u00f3n de un usuario o personalizar la forma en [&hellip;]\" \/>\n<meta property=\"og:url\" content=\"https:\/\/mesquefinques.com\/politica-de-cookies\/\" \/>\n<meta property=\"og:site_name\" content=\"Mes que finques\" \/>\n<meta property=\"article:publisher\" content=\"https:\/\/www.facebook.com\/mesquefinques\/\" \/>\n<meta property=\"article:modified_time\" content=\"2023-06-29T09:36:14+00:00\" \/>\n<meta name=\"twitter:card\" content=\"summary_large_image\" \/>\n<meta name=\"twitter:label1\" content=\"Temps estimat de lectura\" \/>\n\t<meta name=\"twitter:data1\" content=\"5 minuts\" \/>\n<script type=\"application\/ld+json\" class=\"yoast-schema-graph\">{\"@context\":\"https:\/\/schema.org\",\"@graph\":[{\"@type\":\"WebPage\",\"@id\":\"https:\/\/mesquefinques.com\/politica-de-cookies\/\",\"url\":\"https:\/\/mesquefinques.com\/politica-de-cookies\/\",\"name\":\"Pol\u00edtica de Cookies - Mes que finques\",\"isPartOf\":{\"@id\":\"https:\/\/mesquefinques.com\/#website\"},\"datePublished\":\"2023-02-16T10:22:37+00:00\",\"dateModified\":\"2023-06-29T09:36:14+00:00\",\"breadcrumb\":{\"@id\":\"https:\/\/mesquefinques.com\/politica-de-cookies\/#breadcrumb\"},\"inLanguage\":\"ca\",\"potentialAction\":[{\"@type\":\"ReadAction\",\"target\":[\"https:\/\/mesquefinques.com\/politica-de-cookies\/\"]}]},{\"@type\":\"BreadcrumbList\",\"@id\":\"https:\/\/mesquefinques.com\/politica-de-cookies\/#breadcrumb\",\"itemListElement\":[{\"@type\":\"ListItem\",\"position\":1,\"name\":\"Home\",\"item\":\"https:\/\/mesquefinques.com\/\"},{\"@type\":\"ListItem\",\"position\":2,\"name\":\"Pol\u00edtica de Cookies\"}]},{\"@type\":\"WebSite\",\"@id\":\"https:\/\/mesquefinques.com\/#website\",\"url\":\"https:\/\/mesquefinques.com\/\",\"name\":\"Mes que finques\",\"description\":\"Serveis immobiliaris\",\"publisher\":{\"@id\":\"https:\/\/mesquefinques.com\/#organization\"},\"potentialAction\":[{\"@type\":\"SearchAction\",\"target\":{\"@type\":\"EntryPoint\",\"urlTemplate\":\"https:\/\/mesquefinques.com\/?s={search_term_string}\"},\"query-input\":{\"@type\":\"PropertyValueSpecification\",\"valueRequired\":true,\"valueName\":\"search_term_string\"}}],\"inLanguage\":\"ca\"},{\"@type\":\"Organization\",\"@id\":\"https:\/\/mesquefinques.com\/#organization\",\"name\":\"Mes que finques\",\"url\":\"https:\/\/mesquefinques.com\/\",\"logo\":{\"@type\":\"ImageObject\",\"inLanguage\":\"ca\",\"@id\":\"https:\/\/mesquefinques.com\/#\/schema\/logo\/image\/\",\"url\":\"https:\/\/mesquefinques.com\/wp-content\/uploads\/2024\/03\/logotipo.jpg\",\"contentUrl\":\"https:\/\/mesquefinques.com\/wp-content\/uploads\/2024\/03\/logotipo.jpg\",\"width\":900,\"height\":900,\"caption\":\"Mes que finques\"},\"image\":{\"@id\":\"https:\/\/mesquefinques.com\/#\/schema\/logo\/image\/\"},\"sameAs\":[\"https:\/\/www.facebook.com\/mesquefinques\/\",\"https:\/\/api.whatsapp.com\/send\/?phone=34611105985&text&type=phone_number&app_absent=0\",\"https:\/\/www.instagram.com\/mesquefinques\/\"]}]}<\/script>\n<!-- \/ Yoast SEO plugin. -->","yoast_head_json":{"title":"Pol\u00edtica de Cookies - Mes que finques","robots":{"index":"index","follow":"follow","max-snippet":"max-snippet:-1","max-image-preview":"max-image-preview:large","max-video-preview":"max-video-preview:-1"},"canonical":"https:\/\/mesquefinques.com\/politica-de-cookies\/","og_locale":"ca_ES","og_type":"article","og_title":"Pol\u00edtica de Cookies - Mes que finques","og_description":"\u00bfQU\u00c9 SON LAS COOKIES? Las Cookies son archivos de datos que se almacenan en su navegador y en su equipo cuando visita cualquier p\u00e1gina web. Las cookies pueden tener diversas utilidades como, por ejemplo, reconocer al usuario, almacenamiento y recuperaci\u00f3n de informaci\u00f3n sobre los h\u00e1bitos de navegaci\u00f3n de un usuario o personalizar la forma en [&hellip;]","og_url":"https:\/\/mesquefinques.com\/politica-de-cookies\/","og_site_name":"Mes que finques","article_publisher":"https:\/\/www.facebook.com\/mesquefinques\/","article_modified_time":"2023-06-29T09:36:14+00:00","twitter_card":"summary_large_image","twitter_misc":{"Temps estimat de lectura":"5 minuts"},"schema":{"@context":"https:\/\/schema.org","@graph":[{"@type":"WebPage","@id":"https:\/\/mesquefinques.com\/politica-de-cookies\/","url":"https:\/\/mesquefinques.com\/politica-de-cookies\/","name":"Pol\u00edtica de Cookies - Mes que finques","isPartOf":{"@id":"https:\/\/mesquefinques.com\/#website"},"datePublished":"2023-02-16T10:22:37+00:00","dateModified":"2023-06-29T09:36:14+00:00","breadcrumb":{"@id":"https:\/\/mesquefinques.com\/politica-de-cookies\/#breadcrumb"},"inLanguage":"ca","potentialAction":[{"@type":"ReadAction","target":["https:\/\/mesquefinques.com\/politica-de-cookies\/"]}]},{"@type":"BreadcrumbList","@id":"https:\/\/mesquefinques.com\/politica-de-cookies\/#breadcrumb","itemListElement":[{"@type":"ListItem","position":1,"name":"Home","item":"https:\/\/mesquefinques.com\/"},{"@type":"ListItem","position":2,"name":"Pol\u00edtica de Cookies"}]},{"@type":"WebSite","@id":"https:\/\/mesquefinques.com\/#website","url":"https:\/\/mesquefinques.com\/","name":"Mes que finques","description":"Serveis immobiliaris","publisher":{"@id":"https:\/\/mesquefinques.com\/#organization"},"potentialAction":[{"@type":"SearchAction","target":{"@type":"EntryPoint","urlTemplate":"https:\/\/mesquefinques.com\/?s={search_term_string}"},"query-input":{"@type":"PropertyValueSpecification","valueRequired":true,"valueName":"search_term_string"}}],"inLanguage":"ca"},{"@type":"Organization","@id":"https:\/\/mesquefinques.com\/#organization","name":"Mes que finques","url":"https:\/\/mesquefinques.com\/","logo":{"@type":"ImageObject","inLanguage":"ca","@id":"https:\/\/mesquefinques.com\/#\/schema\/logo\/image\/","url":"https:\/\/mesquefinques.com\/wp-content\/uploads\/2024\/03\/logotipo.jpg","contentUrl":"https:\/\/mesquefinques.com\/wp-content\/uploads\/2024\/03\/logotipo.jpg","width":900,"height":900,"caption":"Mes que finques"},"image":{"@id":"https:\/\/mesquefinques.com\/#\/schema\/logo\/image\/"},"sameAs":["https:\/\/www.facebook.com\/mesquefinques\/","https:\/\/api.whatsapp.com\/send\/?phone=34611105985&text&type=phone_number&app_absent=0","https:\/\/www.instagram.com\/mesquefinques\/"]}]}},"_links":{"self":[{"href":"https:\/\/mesquefinques.com\/ca\/wp-json\/wp\/v2\/pages\/18382"}],"collection":[{"href":"https:\/\/mesquefinques.com\/ca\/wp-json\/wp\/v2\/pages"}],"about":[{"href":"https:\/\/mesquefinques.com\/ca\/wp-json\/wp\/v2\/types\/page"}],"author":[{"embeddable":true,"href":"https:\/\/mesquefinques.com\/ca\/wp-json\/wp\/v2\/users\/2"}],"replies":[{"embeddable":true,"href":"https:\/\/mesquefinques.com\/ca\/wp-json\/wp\/v2\/comments?post=18382"}],"version-history":[{"count":1,"href":"https:\/\/mesquefinques.com\/ca\/wp-json\/wp\/v2\/pages\/18382\/revisions"}],"predecessor-version":[{"id":18385,"href":"https:\/\/mesquefinques.com\/ca\/wp-json\/wp\/v2\/pages\/18382\/revisions\/18385"}],"wp:attachment":[{"href":"https:\/\/mesquefinques.com\/ca\/wp-json\/wp\/v2\/media?parent=18382"}],"curies":[{"name":"wp","href":"https:\/\/api.w.org\/{rel}","templated":true}]}}